{"id":131,"date":"2022-02-22T21:25:11","date_gmt":"2022-02-22T19:25:11","guid":{"rendered":"https:\/\/melnykroman.com\/?page_id=131"},"modified":"2022-09-28T23:07:02","modified_gmt":"2022-09-28T20:07:02","slug":"social-activities","status":"publish","type":"page","link":"https:\/\/melnykroman.com\/de\/social-activities\/","title":{"rendered":"Ehrenamtliche Arbeit"},"content":{"rendered":"<p>Gr\u00fcnder und Leiter der Rechtsklinik der Nationalen Universit\u00e4t f\u00fcr innere Angelegenheiten, Charkiv (Ukraine)<\/p>\n<p>Leiter des Projekts f\u00fcr Kinder \u00abSicherheit f\u00fcr Kinder und Erwachsene\u00bb, Charkiv (Ukraine)<\/p>\n<p>Pr\u00e4sident der \u00ab<a href=\"https:\/\/alumni.law.knu.ua\/\" rel=\"noopener\" target=\"_blank\">Assoziation der Absolventen der juristischen Fakult\u00e4t<\/a>\u00bb, Kyiv (Ukraine)<\/p>\n<p>Gr\u00fcnder und Leiter des sozialen und juristischen Projekts \u00ab<a href=\"http:\/\/kids.law.knu.ua\/\" rel=\"noopener\" target=\"_blank\">Universit\u00e4t der jungen Rechtswissenschaftler<\/a>\u00bb, Kyiv (Ukraine)<\/p>\n<p>Chefredakteur der Zeitschrift \u00ab<a href=\"http:\/\/applaw.knu.ua\/index.php\/en\/\" rel=\"noopener\" target=\"_blank\">Verwaltungsrecht und \u2013verfahren<\/a>\u00bb, Kyiv (Ukraine)<\/p>\n<p>Mitglied der Redaktion der Zeitschrift \u00ab<a href=\"\/\/slovo.nsj.gov.ua\/index.php\/en\/about-ua\" rel=\"noopener\" target=\"_blank\">Wort der Nationalen Schule der Richter der Ukraine<\/a>\u00bb, Kyiv (Ukraine)<\/p>\n<p>Chefredakteur f\u00fcr die Ukraine der Zeitschrift \u00ab<a href=\"https:\/\/www.uni-goettingen.de\/de\/reos\/608681.html\" rel=\"noopener\" target=\"_blank\">Recht osteurop\u00e4ischen Staaten (ReOS)<\/a>\u00bb, G\u00f6ttingen, (Deutschland)<\/p>\n<p>Mitglied der Redaktion der Zeitschrift \u00abZanger\u00bb, Nur-Sultan (Kasachstan)<\/p>\n<p>Mitglied des Redaktionsrats der Zeitschrift \u00ab<a href=\"http:\/\/www.zqai.kz\/en\/node\/12978\" rel=\"noopener\" target=\"_blank\">Bulletin des Instituts der Gesetzgebung und der Rechtsinformation der Republik Kasachstan<\/a>\u00bb, Nur-Sultan (Kasachstan)<\/p>\n<p>Mitglied des Vorstands \u00ab<a href=\"http:\/\/www.alsa.org.ua\" rel=\"noopener\" target=\"_blank\">Assoziation der Spezialisten im Verwaltungsrecht<\/a>\u00bb, Charkiv (Ukraine)<\/p>\n<p>Vorstandsmitglied \u00ab<a href=\"http:\/\/www.rechtsdialog.org\/ua\/\" rel=\"noopener\" target=\"_blank\">Deutsch-Ukrainischer Rechtsdialog<\/a>\u00bb, Kyiv (Ukraine)<\/p>\n<p>Mitglied des wissenschaftlichen Beirats des Obersten Gerichts der Ukraine, Kyiv (Ukraine)<\/p>\n<p>Mitglied des wissenschaftlichen Beirats des Obersten Gerichtshofs der Republik Kasachstan, Nur-Sultan (Kasachstan)<\/p>\n<p>Vizepr\u00e4sident f\u00fcr Wissenschaftsfragen der Akademie f\u00fcr Verwaltungsrechtswissenschaften, Kyiv (Ukraine)<\/p>\n","protected":false},"excerpt":{"rendered":"<p>Gr\u00fcnder und Leiter der Rechtsklinik der Nationalen Universit\u00e4t f\u00fcr innere Angelegenheiten, Charkiv (Ukraine) Leiter des Projekts f\u00fcr Kinder \u00abSicherheit f\u00fcr Kinder und Erwachsene\u00bb, Charkiv (Ukraine) Pr\u00e4sident der \u00abAssoziation der Absolventen der juristischen Fakult\u00e4t\u00bb, Kyiv (Ukraine) Gr\u00fcnder und Leiter des sozialen und juristischen Projekts \u00abUniversit\u00e4t der jungen Rechtswissenschaftler\u00bb, Kyiv (Ukraine) Chefredakteur der Zeitschrift \u00abVerwaltungsrecht und \u2013verfahren\u00bb,&hellip; <a class=\"more-link\" href=\"https:\/\/melnykroman.com\/de\/social-activities\/\">Continue reading <span class=\"screen-reader-text\">Ehrenamtliche Arbeit<\/span><\/a><\/p>\n","protected":false},"author":1,"featured_media":0,"parent":0,"menu_order":0,"comment_status":"closed","ping_status":"closed","template":"page-social.php","meta":{"inline_featured_image":false,"footnotes":""},"class_list":["post-131","page","type-page","status-publish","hentry","entry"],"acf":[],"_links":{"self":[{"href":"https:\/\/melnykroman.com\/de\/wp-json\/wp\/v2\/pages\/131","targetHints":{"allow":["GET"]}}],"collection":[{"href":"https:\/\/melnykroman.com\/de\/wp-json\/wp\/v2\/pages"}],"about":[{"href":"https:\/\/melnykroman.com\/de\/wp-json\/wp\/v2\/types\/page"}],"author":[{"embeddable":true,"href":"https:\/\/melnykroman.com\/de\/wp-json\/wp\/v2\/users\/1"}],"replies":[{"embeddable":true,"href":"https:\/\/melnykroman.com\/de\/wp-json\/wp\/v2\/comments?post=131"}],"version-history":[{"count":14,"href":"https:\/\/melnykroman.com\/de\/wp-json\/wp\/v2\/pages\/131\/revisions"}],"predecessor-version":[{"id":522,"href":"https:\/\/melnykroman.com\/de\/wp-json\/wp\/v2\/pages\/131\/revisions\/522"}],"wp:attachment":[{"href":"https:\/\/melnykroman.com\/de\/wp-json\/wp\/v2\/media?parent=131"}],"curies":[{"name":"wp","href":"https:\/\/api.w.org\/{rel}","templated":true}]}}